{"id":129,"date":"2013-06-29T19:27:54","date_gmt":"2013-06-29T18:27:54","guid":{"rendered":"http:\/\/jeanclaudemathon.fr\/?page_id=129"},"modified":"2023-11-24T14:37:14","modified_gmt":"2023-11-24T13:37:14","slug":"a-propos","status":"publish","type":"page","link":"http:\/\/jeanclaudemathon.fr\/?page_id=129","title":{"rendered":"A propos"},"content":{"rendered":"<div class=\"wp-block-image\">\n<figure class=\"alignleft\"><a href=\"http:\/\/jeanclaudemathon.fr\/wp-content\/uploads\/2013\/06\/JCMathon.jpg\"><img loading=\"lazy\" decoding=\"async\" width=\"148\" height=\"198\" src=\"http:\/\/jeanclaudemathon.fr\/wp-content\/uploads\/2013\/06\/JCMathon.jpg\" alt=\"JCMathon\" class=\"wp-image-14\"\/><\/a><\/figure><\/div>\n\n\n<p><b><span style=\"font-family: Arial,Helvetica,sans-serif;\">Jean-Claude MATHON<\/span><\/b><\/p>\n\n\n\n<p><span style=\"font-family: Arial,Helvetica,sans-serif;\">N\u00e9 le 22 juillet 1959.<\/span><br><span style=\"font-family: Arial,Helvetica,sans-serif;\">Retrait\u00e9<\/span><br><span style=\"font-family: Arial,Helvetica,sans-serif;\">Habitant Vitrolles depuis 2000.<\/span><br><span style=\"font-family: Arial,Helvetica,sans-serif;\">Mari\u00e9 &#8211; \u00ab\u00a0Beau\u00a0\u00bb grand p\u00e8re<\/span><\/p>\n\n\n\n<p><b style=\"font-family: Arial,Helvetica,sans-serif;\">Contact :<\/b><br><i style=\"font-family: Arial,Helvetica,sans-serif;\">Mail :<\/i><a style=\"font-family: Arial,Helvetica,sans-serif;\" href=\"mailto:j-c.mathon@wanadoo.fr\">j-c.mathon@wanadoo.fr<\/a><br><br><\/p>\n\n\n\n<p>Je suis avant tout Vitrollais par mon lieu d\u2019habitation. Vingt-cinq ann\u00e9es que cette ville me supporte et je consid\u00e8re, qu\u2019\u00eatre vitrollais est un \u00e9tat d\u2019esprit, et non un nom sur une pi\u00e8ce administrative.<\/p>\n\n\n\n<p>Je suis \u00e9galement Marseillais par mon lieu de naissance. Et passionn\u00e9 depuis mon CE1 et ce cours sur la fondation de Marseille donn\u00e9e par une institutrice remarquable, par l\u2019histoire de la cit\u00e9 fond\u00e9e par les Phoc\u00e9ens.<\/p>\n\n\n\n<p>Au fil du temps, je me suis sp\u00e9cialis\u00e9 sur l\u2019histoire (avec ou sans \u00ab\u00a0H\u00a0\u00bb ) de cette cit\u00e9 ensorcelante, plus particuli\u00e8rement de 1880 \u00e0 1950 et de mani\u00e8re beaucoup plus pointue, sur la p\u00e9riode de l\u2019entre-deux-guerres.<\/p>\n\n\n\n<p>J\u2019ai tenu pendant des ann\u00e9es un site Internet de r\u00e9f\u00e9rence sur cette p\u00e9riode historique, \u00e9tudiant plusieurs \u00e9v\u00e9nements ayant marqu\u00e9 la ville au fer rouge durant les ann\u00e9es trente.<\/p>\n\n\n\n<p>Je suis aussi particuli\u00e8rement actif dans les diff\u00e9rents groupes consacr\u00e9s \u00e0 l&rsquo;histoire de cette ville multi-mill\u00e9naire.<\/p>\n\n\n\n<p>Je suis, de plus, l\u2019auteur des \u00ab&nbsp;chroniques de Marseille&nbsp;\u00bb, s\u00e9rie de livres sur l\u2019histoire de la cit\u00e9 phoc\u00e9enne durant la p\u00e9riode troubl\u00e9e de l\u2019entre-deux-guerres.<\/p>\n\n\n\n<p>D\u00e9sormais, \u00e0 la retraite, je compte fort accentuer ces recherches, continuer \u00e0 \u00e9tudier cette p\u00e9riode politique troubl\u00e9e et publier d\u2019autres opuscules comme r\u00e9sultats de mes recherches.<\/p>\n\n\n\n<p>Marseille le m\u00e9rite grandement&nbsp;!<\/p>\n\n\n\n<p>Sans oublier Vitrolles, ma ville d\u2019adoption bien s\u00fbr&nbsp;\u2026<\/p>\n\n\n\n<p>Jean-Claude MATHON<\/p>\n\n\n\n<p>&nbsp;<\/p>\n","protected":false},"excerpt":{"rendered":"<p>Jean-Claude MATHON N\u00e9 le 22 juillet 1959.Retrait\u00e9Habitant Vitrolles depuis 2000.Mari\u00e9 &#8211; \u00ab\u00a0Beau\u00a0\u00bb grand p\u00e8re Contact :Mail :j-c.mathon@wanadoo.fr Je suis avant tout Vitrollais par mon lieu d\u2019habitation. Vingt-cinq ann\u00e9es que cette ville me supporte et je consid\u00e8re, qu\u2019\u00eatre vitrollais est un \u00e9tat d\u2019esprit, et non un nom sur une pi\u00e8ce administrative. &#8230;<\/p>\n","protected":false},"author":1,"featured_media":0,"parent":0,"menu_order":0,"comment_status":"open","ping_status":"closed","template":"","meta":{"_mi_skip_tracking":false,"_exactmetrics_sitenote_active":false,"_exactmetrics_sitenote_note":"","_exactmetrics_sitenote_category":0,"footnotes":""},"class_list":["post-129","page","type-page","status-publish","hentry"],"_links":{"self":[{"href":"http:\/\/jeanclaudemathon.fr\/index.php?rest_route=\/wp\/v2\/pages\/129","targetHints":{"allow":["GET"]}}],"collection":[{"href":"http:\/\/jeanclaudemathon.fr\/index.php?rest_route=\/wp\/v2\/pages"}],"about":[{"href":"http:\/\/jeanclaudemathon.fr\/index.php?rest_route=\/wp\/v2\/types\/page"}],"author":[{"embeddable":true,"href":"http:\/\/jeanclaudemathon.fr\/index.php?rest_route=\/wp\/v2\/users\/1"}],"replies":[{"embeddable":true,"href":"http:\/\/jeanclaudemathon.fr\/index.php?rest_route=%2Fwp%2Fv2%2Fcomments&post=129"}],"version-history":[{"count":8,"href":"http:\/\/jeanclaudemathon.fr\/index.php?rest_route=\/wp\/v2\/pages\/129\/revisions"}],"predecessor-version":[{"id":656,"href":"http:\/\/jeanclaudemathon.fr\/index.php?rest_route=\/wp\/v2\/pages\/129\/revisions\/656"}],"wp:attachment":[{"href":"http:\/\/jeanclaudemathon.fr\/index.php?rest_route=%2Fwp%2Fv2%2Fmedia&parent=129"}],"curies":[{"name":"wp","href":"https:\/\/api.w.org\/{rel}","templated":true}]}}