{"id":658,"date":"2023-11-24T20:33:50","date_gmt":"2023-11-24T19:33:50","guid":{"rendered":"http:\/\/jeanclaudemathon.fr\/?page_id=658"},"modified":"2023-11-24T20:33:50","modified_gmt":"2023-11-24T19:33:50","slug":"09-10-1934-lassassinat-du-roi-alexandre-1er","status":"publish","type":"page","link":"http:\/\/jeanclaudemathon.fr\/?page_id=658","title":{"rendered":"09\/10\/1934 &#8211; L&rsquo;assassinat du roi Alexandre 1er"},"content":{"rendered":"\n<p><\/p>\n\n\n\n<p><\/p>\n\n\n\n<figure class=\"wp-block-image size-large\"><a href=\"http:\/\/jeanclaudemathon.fr\/wp-content\/uploads\/2023\/11\/Couverture-Alexandre.jpg\"><img loading=\"lazy\" decoding=\"async\" width=\"1024\" height=\"667\" src=\"http:\/\/jeanclaudemathon.fr\/wp-content\/uploads\/2023\/11\/Couverture-Alexandre-1024x667.jpg\" alt=\"\" class=\"wp-image-661\" srcset=\"http:\/\/jeanclaudemathon.fr\/wp-content\/uploads\/2023\/11\/Couverture-Alexandre-1024x667.jpg 1024w, http:\/\/jeanclaudemathon.fr\/wp-content\/uploads\/2023\/11\/Couverture-Alexandre-300x195.jpg 300w, http:\/\/jeanclaudemathon.fr\/wp-content\/uploads\/2023\/11\/Couverture-Alexandre-768x500.jpg 768w, http:\/\/jeanclaudemathon.fr\/wp-content\/uploads\/2023\/11\/Couverture-Alexandre-700x456.jpg 700w, http:\/\/jeanclaudemathon.fr\/wp-content\/uploads\/2023\/11\/Couverture-Alexandre.jpg 1155w\" sizes=\"auto, (max-width: 1024px) 100vw, 1024px\" \/><\/a><\/figure>\n\n\n\n<p><\/p>\n\n\n\n<p>Le 9 octobre 1934 \u00e9tait un mardi magnifique, propice \u00e0 la f\u00eate et aux r\u00e9jouissances. Cette journ\u00e9e \u00e9tait particuli\u00e8re pour Marseille. Elle devait la propulser au c\u0153ur de l&rsquo;Europe diplomatique, renfor\u00e7ant son image de ville accueillante et festive, pi\u00e8ce maitresse d&rsquo;une diplomatie fran\u00e7aise triomphante. \u00c0 la place, ce seront des larmes de sang qui vont \u00eatre vers\u00e9es sur cette Canebi\u00e8re mythique. La ville sera marqu\u00e9e au fer rouge de l&rsquo;Histoire comme la ville o\u00f9 un roi a \u00e9t\u00e9 assassin\u00e9.<\/p>\n\n\n\n<p>Ce mardi-l\u00e0, le roi Alexandre 1er de Yougoslavie, Louis Barthou, le ministre fran\u00e7ais des Affaires \u00e9trang\u00e8res, ainsi que d&rsquo;innocents spectateurs, dont le seul crime \u00e9tait de vouloir apercevoir un roi, vont \u00eatre les victimes du fanatisme politique aveugle le plus radical.<\/p>\n\n\n\n<p>Marseille traverse une p\u00e9riode cruciale et troubl\u00e9e durant l&rsquo;entre-deux-guerres. C&rsquo;est une p\u00e9riode durant laquelle plusieurs \u00e9v\u00e9nements tragiques vont la propulser sous les feux de l&rsquo;actualit\u00e9 mondiale. Son image va en subir une profonde et durable alt\u00e9ration.<\/p>\n\n\n\n<p>La d\u00e9gradation de son image est renforc\u00e9e par le climat d\u00e9l\u00e9t\u00e8re qui y r\u00e9gnait, la p\u00e8gre qui avait pignon sur rue, les accointances entre les truands, la police et les politiques, le cosmopolitisme exacerb\u00e9 de sa population port\u00e9 \u00e0 son paroxysme.<\/p>\n\n\n\n<p>Il ne fallait pas grand-chose pour mettre le feu aux poudres. Vlada Georguiev Tchernozemski va allumer la m\u00e8che !<\/p>\n\n\n\n<p>Donc, une petite piqure de rappel : je vous rappelle que mon ouvrage, traitant de cet \u00e9pisode dramatique, est encore disponible \u00e0 la vente, aussi biens sous forme livre qu\u2019au format ebook Kindle.<\/p>\n\n\n\n<p>Dans cet opuscule de 444 pages, je d\u00e9cris le d\u00e9roulement du drame, ses cons\u00e9quences, le contexte l\u2019entourant et je tente d\u2019apporter des r\u00e9ponses aux nombreuses questions en suspens sans oublier de tordre le coup \u00e0 quelques rumeurs tenaces.<\/p>\n\n\n\n<p>Si vous d\u00e9sirez l\u2019acqu\u00e9rir (PDV : Euro 24.90 TTC), trois moyens s\u2019offrent \u00e0 vous :<\/p>\n\n\n\n<p>1\/ le premier via le site de mon \u00e9diteur (frais de port en sus) en suivant le lien internet ci-dessous : <strong><a href=\"https:\/\/librairie.bod.fr\/9-octobre-1934-lassassinat-du-roi-alexandre-1er-jean-claude-mathon-9782322499892\">ICI<\/a><\/strong><\/p>\n\n\n\n<p>(Vous aurez aussi la possibilit\u00e9 de lire un extrait gratuit de cet ouvrage pour vous donner une id\u00e9e du travail)<\/p>\n\n\n\n<p>2\/ Le second, valable si vous avez des accords de type FNAC+ ou Prime sur Amazon, sur les sites de ventes par correspondance (Amazon, FNAC, Chapitre, Cultura \u2026) avec un temps d\u2019attente de l\u2019ordre de deux \u00ab grosses \u00bb semaines \u00e0 l&rsquo;exception d&rsquo;Amazon qui en a encore deux ou trois en stock livrable en 24 h.<\/p>\n\n\n\n<p>3\/ Enfin, si \u00e9ventuellement vous me croiser \u00e0 Marseille ou Vitrolles, vous pourrez le r\u00e9clamer directement aupr\u00e8s de ma personne. Je me ferais une joie de vous le d\u00e9dicacer &#8230;<\/p>\n\n\n\n<p>Les diff\u00e9rents liens :<\/p>\n\n\n\n<p><a href=\"https:\/\/librairie.bod.fr\/9-octobre-1934-lassassinat-du-roi-alexandre-1er-jean-claude-mathon-9782322499892\" target=\"_blank\" rel=\"noreferrer noopener\">Mon \u00e9diteur &#8211; BOD<\/a><\/p>\n\n\n\n<p><a href=\"https:\/\/www.amazon.fr\/octobre-1934-Lassassinat-roi-Alexandre\/dp\/2322499897\/ref=sr_1_2?__mk_fr_FR=%C3%85M%C3%85%C5%BD%C3%95%C3%91&amp;crid=28XXWDLVAV8R5&amp;keywords=jean-claude+mathon&amp;qid=1700842113&amp;sprefix=jean-claude+mathon%2Caps%2C95&amp;sr=8-2\" target=\"_blank\" rel=\"noreferrer noopener\">AMAZON<\/a><\/p>\n\n\n\n<p><a href=\"https:\/\/www.cultura.com\/p-9-octobre-1934-l-assassinat-du-roi-alexandre-1er-9782322499892.html\" target=\"_blank\" rel=\"noreferrer noopener\">CULTURA<\/a><\/p>\n\n\n\n<p><a href=\"https:\/\/www.decitre.fr\/ebooks\/9-octobre-1934-9782322491858_9782322491858_10007.html\" target=\"_blank\" rel=\"noreferrer noopener\">DECITRE<\/a><\/p>\n\n\n\n<p><a href=\"https:\/\/www.fnac.com\/a18631879\/Jean-Claude-Mathon-9-octobre-1934-L-assassinat-du-roi-Alexandre-1er#omnsearchpos=2\" target=\"_blank\" rel=\"noreferrer noopener\">FNAC<\/a><\/p>\n\n\n\n<p><a href=\"https:\/\/www.placedeslibraires.fr\/livre\/9782322499892-9-octobre-1934-l-assassinat-du-roi-alexandre-1er-jean-claude-mathon\/\" target=\"_blank\" rel=\"noreferrer noopener\">PLACE DES LIBRAIRIES<\/a><\/p>\n\n\n\n<p><a href=\"https:\/\/fr.shopping.rakuten.com\/mfp\/9652230\/9-Octobre-1934-Lassassinat-Du-Roi-Alexandre-Ier?pid=11677211000\" target=\"_blank\" rel=\"noreferrer noopener\">RAKUTEN<\/a><\/p>\n","protected":false},"excerpt":{"rendered":"<p>Le 9 octobre 1934 \u00e9tait un mardi magnifique, propice \u00e0 la f\u00eate et aux r\u00e9jouissances. Cette journ\u00e9e \u00e9tait particuli\u00e8re pour Marseille. Elle devait la propulser au c\u0153ur de l&rsquo;Europe diplomatique, renfor\u00e7ant son image de ville accueillante et festive, pi\u00e8ce maitresse d&rsquo;une diplomatie fran\u00e7aise triomphante. \u00c0 la place, ce seront des &#8230;<\/p>\n","protected":false},"author":1,"featured_media":0,"parent":0,"menu_order":0,"comment_status":"open","ping_status":"closed","template":"","meta":{"_mi_skip_tracking":false,"_exactmetrics_sitenote_active":false,"_exactmetrics_sitenote_note":"","_exactmetrics_sitenote_category":0,"footnotes":""},"class_list":["post-658","page","type-page","status-publish","hentry"],"_links":{"self":[{"href":"http:\/\/jeanclaudemathon.fr\/index.php?rest_route=\/wp\/v2\/pages\/658","targetHints":{"allow":["GET"]}}],"collection":[{"href":"http:\/\/jeanclaudemathon.fr\/index.php?rest_route=\/wp\/v2\/pages"}],"about":[{"href":"http:\/\/jeanclaudemathon.fr\/index.php?rest_route=\/wp\/v2\/types\/page"}],"author":[{"embeddable":true,"href":"http:\/\/jeanclaudemathon.fr\/index.php?rest_route=\/wp\/v2\/users\/1"}],"replies":[{"embeddable":true,"href":"http:\/\/jeanclaudemathon.fr\/index.php?rest_route=%2Fwp%2Fv2%2Fcomments&post=658"}],"version-history":[{"count":1,"href":"http:\/\/jeanclaudemathon.fr\/index.php?rest_route=\/wp\/v2\/pages\/658\/revisions"}],"predecessor-version":[{"id":663,"href":"http:\/\/jeanclaudemathon.fr\/index.php?rest_route=\/wp\/v2\/pages\/658\/revisions\/663"}],"wp:attachment":[{"href":"http:\/\/jeanclaudemathon.fr\/index.php?rest_route=%2Fwp%2Fv2%2Fmedia&parent=658"}],"curies":[{"name":"wp","href":"https:\/\/api.w.org\/{rel}","templated":true}]}}