{"id":718,"date":"2023-11-26T18:02:26","date_gmt":"2023-11-26T17:02:26","guid":{"rendered":"http:\/\/jeanclaudemathon.fr\/?page_id=718"},"modified":"2023-11-26T18:02:26","modified_gmt":"2023-11-26T17:02:26","slug":"29-10-1938-lincendie-des-nouvelles-galeries-2","status":"publish","type":"page","link":"http:\/\/jeanclaudemathon.fr\/?page_id=718","title":{"rendered":"29\/10\/1938 &#8211; L&rsquo;incendie des Nouvelles-Galeries"},"content":{"rendered":"\n<p><\/p>\n\n\n\n<figure class=\"wp-block-image size-full\"><a href=\"http:\/\/jeanclaudemathon.fr\/wp-content\/uploads\/2023\/11\/Nouvelles-Galeries-Couverture-1.jpg\"><img loading=\"lazy\" decoding=\"async\" width=\"949\" height=\"639\" src=\"http:\/\/jeanclaudemathon.fr\/wp-content\/uploads\/2023\/11\/Nouvelles-Galeries-Couverture-1.jpg\" alt=\"\" class=\"wp-image-719\" srcset=\"http:\/\/jeanclaudemathon.fr\/wp-content\/uploads\/2023\/11\/Nouvelles-Galeries-Couverture-1.jpg 949w, http:\/\/jeanclaudemathon.fr\/wp-content\/uploads\/2023\/11\/Nouvelles-Galeries-Couverture-1-300x202.jpg 300w, http:\/\/jeanclaudemathon.fr\/wp-content\/uploads\/2023\/11\/Nouvelles-Galeries-Couverture-1-768x517.jpg 768w, http:\/\/jeanclaudemathon.fr\/wp-content\/uploads\/2023\/11\/Nouvelles-Galeries-Couverture-1-700x471.jpg 700w\" sizes=\"auto, (max-width: 949px) 100vw, 949px\" \/><\/a><\/figure>\n\n\n\n<p>Le 28 octobre 1938, une terrible catastrophe touche Marseille : l&rsquo;incendie du magasin \u00e0 la mode que sont les Nouvelles-Galeriies situ\u00e9 en haut de !a Canebiere.<\/p>\n\n\n\n<p>Le bilan humain est terrible : 75 morts, 200 bless\u00e9s<\/p>\n\n\n\n<p>Le bilan politique apocalyptique : la mise sous tutelle (punition infamante) de la ville de Marseille<\/p>\n\n\n\n<p>La <a><\/a>cons\u00e9quence inattendue : la cr\u00e9ation du Bataillon des Marins-pompiers de Marseille<\/p>\n\n\n\n<p>Donc, une petite piqure de rappel : je vous rappelle que mon ouvrage, traitant de cet \u00e9pisode dramatique, est encore disponible \u00e0 la vente, aussi biens sous forme livre qu\u2019au format ebook Kindle.<\/p>\n\n\n\n<p>Dans cet opuscule de 322 pages, je d\u00e9cris le d\u00e9roulement du drame, ses cons\u00e9quences, le contexte l\u2019entourant et je tente d\u2019apporter des r\u00e9ponses aux nombreuses questions en suspens sans oublier de tordre le coup \u00e0 quelques rumeurs tenaces.<\/p>\n\n\n\n<p>Si vous d\u00e9sirez l\u2019acqu\u00e9rir (PDV : Euro 19.90 TTC), deux moyens s\u2019offrent \u00e0 vous :<\/p>\n\n\n\n<p>1\/ le premier via le site de mon \u00e9diteur (frais de port en sus) en suivant le lien internet ci-dessous :<\/p>\n\n\n\n<p>(Vous aurez aussi la possibilit\u00e9 de lire un extrait gratuit de cet ouvrage pour vous donner une id\u00e9e du travail)<\/p>\n\n\n\n<p>2\/ Le second, valable si vous avez des accords de type FNAC+ ou Prime sur Amazon, sur les sites de ventes par correspondance (Amazon, FNAC, Chapitre, Cultura \u2026) avec un temps d\u2019attente de l\u2019ordre de deux \u00ab grosses \u00bb semaines \u00e0 l&rsquo;exception d&rsquo;Amazon qui en a encore deux ou trois en stock livrable en 24 h.<\/p>\n\n\n\n<p>3\/ Enfin, si \u00e9ventuellement vous me croiser \u00e0 Marseille ou Vitrolles, vous pourrez le r\u00e9clamer directement aupr\u00e8s de ma personne. Je me ferais une joie de vous le d\u00e9dicacer &#8230;<\/p>\n\n\n\n<p><\/p>\n\n\n\n<p>Les diff\u00e9rents liens :<\/p>\n\n\n\n<p><a rel=\"noreferrer noopener\" href=\"https:\/\/www.bod.fr\/librairie\/28-octobre-1938-lincendie-des-nouvelles-galeries-jean-claude-mathon-9782322397228\" target=\"_blank\">Mon \u00e9diteur<\/a> &#8211; BOD<\/p>\n\n\n\n<p><a href=\"https:\/\/www.amazon.fr\/28-octobre-1938-Lincendie-Nouvelles-Galeries\/dp\/2322397229\" target=\"_blank\" rel=\"noreferrer noopener\">AMAZON<\/a><\/p>\n\n\n\n<p><a rel=\"noreferrer noopener\" href=\"https:\/\/www.cultura.com\/search\/results?search_query=JEAN-CLAUDE+MATHON\" target=\"_blank\">CULTURA<\/a><\/p>\n\n\n\n<p><a href=\"https:\/\/www.decitre.fr\/livre-pod\/28-octobre-1938-9782322397228.html\" target=\"_blank\" rel=\"noreferrer noopener\">DECITRE<\/a><\/p>\n\n\n\n<p><a href=\"https:\/\/www.fnac.com\/SearchResult\/ResultList.aspx?SCat=0&amp;Search=JEAN-CLAUDE+MATHON&amp;sft=1&amp;sa=0\" target=\"_blank\" rel=\"noreferrer noopener\">FNAC<\/a><\/p>\n\n\n\n<p><a href=\"https:\/\/www.placedeslibraires.fr\/livre\/9782322397228-28-octobre-1938-l-incendie-des-nouvelles-galeries-jean-claude-mathon\/\" target=\"_blank\" rel=\"noreferrer noopener\">PLACE DES LIBRAIRIES<\/a><\/p>\n\n\n\n<p><a href=\"https:\/\/fr.shopping.rakuten.com\/search\/jean-claude+mathon\" target=\"_blank\" rel=\"noreferrer noopener\">RAKUTEN<\/a><\/p>\n\n\n\n<p><\/p>\n","protected":false},"excerpt":{"rendered":"<p>Le 28 octobre 1938, une terrible catastrophe touche Marseille : l&rsquo;incendie du magasin \u00e0 la mode que sont les Nouvelles-Galeriies situ\u00e9 en haut de !a Canebiere. Le bilan humain est terrible : 75 morts, 200 bless\u00e9s Le bilan politique apocalyptique : la mise sous tutelle (punition infamante) de la ville &#8230;<\/p>\n","protected":false},"author":1,"featured_media":0,"parent":0,"menu_order":0,"comment_status":"closed","ping_status":"closed","template":"","meta":{"_mi_skip_tracking":false,"_exactmetrics_sitenote_active":false,"_exactmetrics_sitenote_note":"","_exactmetrics_sitenote_category":0,"footnotes":""},"class_list":["post-718","page","type-page","status-publish","hentry"],"_links":{"self":[{"href":"http:\/\/jeanclaudemathon.fr\/index.php?rest_route=\/wp\/v2\/pages\/718","targetHints":{"allow":["GET"]}}],"collection":[{"href":"http:\/\/jeanclaudemathon.fr\/index.php?rest_route=\/wp\/v2\/pages"}],"about":[{"href":"http:\/\/jeanclaudemathon.fr\/index.php?rest_route=\/wp\/v2\/types\/page"}],"author":[{"embeddable":true,"href":"http:\/\/jeanclaudemathon.fr\/index.php?rest_route=\/wp\/v2\/users\/1"}],"replies":[{"embeddable":true,"href":"http:\/\/jeanclaudemathon.fr\/index.php?rest_route=%2Fwp%2Fv2%2Fcomments&post=718"}],"version-history":[{"count":1,"href":"http:\/\/jeanclaudemathon.fr\/index.php?rest_route=\/wp\/v2\/pages\/718\/revisions"}],"predecessor-version":[{"id":720,"href":"http:\/\/jeanclaudemathon.fr\/index.php?rest_route=\/wp\/v2\/pages\/718\/revisions\/720"}],"wp:attachment":[{"href":"http:\/\/jeanclaudemathon.fr\/index.php?rest_route=%2Fwp%2Fv2%2Fmedia&parent=718"}],"curies":[{"name":"wp","href":"https:\/\/api.w.org\/{rel}","templated":true}]}}