{"id":8,"date":"2013-06-27T12:56:47","date_gmt":"2013-06-27T11:56:47","guid":{"rendered":"http:\/\/jeanclaudemathon.fr\/?page_id=8"},"modified":"2023-11-24T13:39:33","modified_gmt":"2023-11-24T12:39:33","slug":"liens","status":"publish","type":"page","link":"http:\/\/jeanclaudemathon.fr\/?page_id=8","title":{"rendered":"Liens"},"content":{"rendered":"<h2>Sites int\u00e9ressants<\/h2>\n<div class=\"widget-content\">\n<ul>\n<li><a href=\"http:\/\/www.airfobep.org\/\">Airfobep (Surveillance de l&rsquo;air)<\/a><\/li>\n<li><a href=\"http:\/\/www.charliefree.com\/\">Charlie Free (Jazz)<\/a><\/li>\n<li><a href=\"http:\/\/horizons-sauvages.blogspot.com\/\">Horizons sauvages, une autre vie \u00e0 Vitrolles<\/a><\/li>\n<li><a href=\"http:\/\/vitrollien.perso.neuf.fr\/\">Le vitrollien (Histoire)<\/a><\/li>\n<li><a href=\"http:\/\/cinelumieres.blogs.allocine.fr\/\">Les Lumi\u00e8res (Cin\u00e9ma de Vitrolles)<\/a><\/li>\n<\/ul>\n<p><span class=\"widget-item-control\"> <span class=\"item-control blog-admin\"> <a class=\"quickedit\" title=\"Modifier\" href=\"http:\/\/www.blogger.com\/rearrange?blogID=1262510009461724956&amp;widgetType=LinkList&amp;widgetId=LinkList3&amp;action=editWidget\" data-blogger-escaped-onclick=\"return _WidgetManager._PopupConfig(document.getElementById(&quot;LinkList3&quot;));\" data-blogger-escaped-target=\"configLinkList3\"> <img loading=\"lazy\" decoding=\"async\" src=\"http:\/\/img1.blogblog.com\/img\/icon18_wrench_allbkg.png\" alt=\"\" width=\"18\" height=\"18\" \/> <\/a> <\/span> <\/span><\/p>\n<\/div>\n<h2>Sites institutionnels<\/h2>\n<ul>\n<li><a href=\"http:\/\/www.europarl.europa.eu\/news\/public\/default_fr.htm\">Parlement Europ\u00e9en<\/a><\/li>\n<li><a href=\"http:\/\/www.elysee.fr\/accueil\/\">Elys\u00e9e<\/a><\/li>\n<li><a href=\"http:\/\/www.gouvernement.fr\/\">Portail du Gouvernement<\/a><\/li>\n<li><a href=\"http:\/\/www.assemblee-nationale.fr\/index.asp\">Assembl\u00e9e Nationale<\/a><\/li>\n<li><a href=\"http:\/\/www.senat.fr\/\">S\u00e9nat<\/a><\/li>\n<li><a href=\"http:\/\/www.conseil-constitutionnel.fr\/\">Conseil Constitutionnel<\/a><\/li>\n<li><a href=\"http:\/\/www.conseil-etat.fr\/cde\/\">Conseil d&rsquo;Etat<\/a><\/li>\n<li><a href=\"http:\/\/www.ccomptes.fr\/fr\/JF\/Accueil.html\">Cour des comptes<\/a><\/li>\n<li><a href=\"http:\/\/www.regionpaca.fr\/\">Conseil R\u00e9gional PACA<\/a><\/li>\n<li><a href=\"http:\/\/www.cg13.fr\/\">Conseil G\u00e9n\u00e9ral 13<\/a><\/li>\n<li><a href=\"http:\/\/www.paca.pref.gouv.fr\/frameset.php\">Pr\u00e9fecture r\u00e9gion PACA<\/a><\/li>\n<li><a href=\"http:\/\/www.bouches-du-rhone.pref.gouv.fr\/\">Pr\u00e9fecture des BDR<\/a><\/li>\n<li><a href=\"http:\/\/www.agglo-paysdaix.fr\/\">Communaut\u00e9 du Pays d&rsquo;Aix<\/a><\/li>\n<li><a href=\"http:\/\/www.vitrolles13.fr\/\">Ville de Vitrolles<\/a><\/li>\n<\/ul>\n<div class=\"widget-content\">\n<p><span class=\"widget-item-control\"> <span class=\"item-control blog-admin\"> <a class=\"quickedit\" title=\"Modifier\" href=\"http:\/\/www.blogger.com\/rearrange?blogID=1262510009461724956&amp;widgetType=LinkList&amp;widgetId=LinkList3&amp;action=editWidget\" data-blogger-escaped-onclick=\"return _WidgetManager._PopupConfig(document.getElementById(&quot;LinkList3&quot;));\" data-blogger-escaped-target=\"configLinkList3\"> <img loading=\"lazy\" decoding=\"async\" src=\"http:\/\/img1.blogblog.com\/img\/icon18_wrench_allbkg.png\" alt=\"\" width=\"18\" height=\"18\" \/> <\/a> <\/span> <\/span><\/p>\n<\/div>\n","protected":false},"excerpt":{"rendered":"<p>Sites int\u00e9ressants Airfobep (Surveillance de l&rsquo;air) Charlie Free (Jazz) Horizons sauvages, une autre vie \u00e0 Vitrolles Le vitrollien (Histoire) Les Lumi\u00e8res (Cin\u00e9ma de Vitrolles) Sites institutionnels Parlement Europ\u00e9en Elys\u00e9e Portail du Gouvernement Assembl\u00e9e Nationale S\u00e9nat Conseil Constitutionnel Conseil d&rsquo;Etat Cour des comptes Conseil R\u00e9gional PACA Conseil G\u00e9n\u00e9ral 13 Pr\u00e9fecture r\u00e9gion &#8230;<\/p>\n","protected":false},"author":1,"featured_media":0,"parent":0,"menu_order":0,"comment_status":"open","ping_status":"open","template":"","meta":{"_mi_skip_tracking":false,"_exactmetrics_sitenote_active":false,"_exactmetrics_sitenote_note":"","_exactmetrics_sitenote_category":0,"footnotes":""},"class_list":["post-8","page","type-page","status-publish","hentry"],"_links":{"self":[{"href":"http:\/\/jeanclaudemathon.fr\/index.php?rest_route=\/wp\/v2\/pages\/8","targetHints":{"allow":["GET"]}}],"collection":[{"href":"http:\/\/jeanclaudemathon.fr\/index.php?rest_route=\/wp\/v2\/pages"}],"about":[{"href":"http:\/\/jeanclaudemathon.fr\/index.php?rest_route=\/wp\/v2\/types\/page"}],"author":[{"embeddable":true,"href":"http:\/\/jeanclaudemathon.fr\/index.php?rest_route=\/wp\/v2\/users\/1"}],"replies":[{"embeddable":true,"href":"http:\/\/jeanclaudemathon.fr\/index.php?rest_route=%2Fwp%2Fv2%2Fcomments&post=8"}],"version-history":[{"count":6,"href":"http:\/\/jeanclaudemathon.fr\/index.php?rest_route=\/wp\/v2\/pages\/8\/revisions"}],"predecessor-version":[{"id":653,"href":"http:\/\/jeanclaudemathon.fr\/index.php?rest_route=\/wp\/v2\/pages\/8\/revisions\/653"}],"wp:attachment":[{"href":"http:\/\/jeanclaudemathon.fr\/index.php?rest_route=%2Fwp%2Fv2%2Fmedia&parent=8"}],"curies":[{"name":"wp","href":"https:\/\/api.w.org\/{rel}","templated":true}]}}